{"id":3,"date":"2023-08-30T17:29:31","date_gmt":"2023-08-30T15:29:31","guid":{"rendered":"http:\/\/truhogf.cluster028.hosting.ovh.net\/?page_id=3"},"modified":"2023-12-08T13:00:21","modified_gmt":"2023-12-08T12:00:21","slug":"quest-ce-que-cest","status":"publish","type":"page","link":"http:\/\/defilenimages.fr\/index.php\/quest-ce-que-cest\/","title":{"rendered":"L&rsquo;animation traditionnelle ? Qu&rsquo;est ce que c&rsquo;est ?"},"content":{"rendered":"\n<p>L\u2019animation est \u00e0 l\u2019origine du cin\u00e9ma. Animer, c\u2019est en effet donner l\u2019illusion du mouvement \u00e0 partir d\u2019une suite d\u2019images fixes. On d\u00e9compose un mouvement en une s\u00e9rie de dessins qu\u2019on projette ensuite tellement vite que l\u2019\u0153il ne per\u00e7oit pas s\u00e9par\u00e9ment chaque phase du mouvement, mais un mouvement continu. C\u2019est sur ce principe qu\u2019ont \u00e9t\u00e9 invent\u00e9s les jouets optiques, puis les pantomimes d\u2019\u00c9mile Reynaud et enfin les photographies anim\u00e9es des fr\u00e8res Lumi\u00e8re.&nbsp;<\/p>\n\n\n\n<p>Au fond, tous les films sont donc des films d&rsquo;animation. Les Fr\u00e8res Lumi\u00e8re et leurs successeurs ont laiss\u00e9 tourner la cam\u00e9ra, mais quelques artistes patients ont continu\u00e9 de fabriquer leurs films\u00a0image par image, avec diverses mati\u00e8res premi\u00e8res\u00a0: papier, poup\u00e9es, peinture, p\u00e2te \u00e0 modeler\u2026 jusqu\u2019aux pixels des PC.<\/p>\n\n\n\n<h2 class=\"wp-block-heading\">Combien y a t-il de techniques d&rsquo;animation ?<\/h2>\n\n\n\n<p>On peut animer image par image de bien des fa\u00e7ons. On distingue plusieurs familles de techniques, aux contraintes et aux rendus tr\u00e8s diff\u00e9rents :<\/p>\n\n\n\n<ul class=\"wp-block-list\">\n<li>l&rsquo;animation plane (le dessin anim\u00e9, le papier d\u00e9coup\u00e9, l&rsquo;ombre chinoise, la peinture anim\u00e9e, le sable, l&rsquo;animation en t\u00eates d&rsquo;\u00e9pingles)<\/li>\n\n\n\n<li>l&rsquo;animation en volume \u00e9galement nomm\u00e9e le Stop-motion en anglais (la p\u00e2te \u00e0 modeler, l&rsquo;animation de marionnettes, la pixilation)<\/li>\n\n\n\n<li>l&rsquo;animation sans cam\u00e9ra (l&rsquo;animation sur pellicule, l&rsquo;animation 2D et 3D num\u00e9rique)<\/li>\n\n\n\n<li>et, pour finir quelques techniques hybrides (la rotoscopie, l&rsquo;incrustation&#8230;)<\/li>\n<\/ul>\n\n\n\n<p>De plus, il est de plus en plus courant de m\u00e9langer diff\u00e9rentes techniques d&rsquo;animation (notamment avec l&rsquo;aide de l&rsquo;incrustation). Pour bien r\u00e9ussir \u00e0 les diff\u00e9rencier, la petite astuce est de regarder la mati\u00e8re dans laquelle \u00e0 \u00e9t\u00e9 fabriqu\u00e9 les personnages du film. Est-ce un personnage dessin\u00e9 ? As t-il \u00e9t\u00e9 r\u00e9alis\u00e9 en p\u00e2te \u00e0 modeler ? Est-il un v\u00e9ritable acteur ? <\/p>\n\n\n\n<h2 class=\"wp-block-heading\">Comment choisir sa technique ?<\/h2>\n\n\n\n<p>Nous vous conseillons de choisir la technique en fonction de votre sc\u00e9nario. En effet, l&rsquo;\u00e9criture de votre sc\u00e9nario pour permettra de lui-m\u00eame d&rsquo;aiguiller et de vous donner des id\u00e9es de techniques.<\/p>\n\n\n\n<p>Exemple : mon sc\u00e9nario parle de 3 personnages passant \u00e0 travers un passage secret qui leurs permet d&rsquo;arriver dans un monde parall\u00e8le.<\/p>\n\n\n\n<p>Id\u00e9e de technique(s) : les 3 personnages sont r\u00e9alis\u00e9s en p\u00e2te \u00e0 modeler au d\u00e9but du film puis quand ils prennent le passage secret, se transforme en papier d\u00e9coup\u00e9 pour bien faire comprendre le monde parall\u00e8le. <\/p>\n\n\n\n<p><\/p>\n","protected":false},"excerpt":{"rendered":"<p>L\u2019animation est \u00e0 l\u2019origine du cin\u00e9ma. Animer, c\u2019est en effet donner l\u2019illusion du mouvement \u00e0 partir d\u2019une suite d\u2019images fixes. On d\u00e9compose un mouvement en une s\u00e9rie de dessins qu\u2019on projette ensuite tellement vite que<span class=\"more-button\"><a href=\"http:\/\/defilenimages.fr\/index.php\/quest-ce-que-cest\/\" class=\"more-link\">Lire la suite<span class=\"screen-reader-text\">L&rsquo;animation traditionnelle ? Qu&rsquo;est ce que c&rsquo;est ?<\/span><i class=\"fa fa-angle-right\" aria-hidden=\"true\"><\/i><\/a><\/span><\/p>\n","protected":false},"author":1,"featured_media":0,"parent":0,"menu_order":0,"comment_status":"closed","ping_status":"open","template":"","meta":{"footnotes":""},"class_list":["post-3","page","type-page","status-publish","hentry"],"_links":{"self":[{"href":"http:\/\/defilenimages.fr\/index.php\/wp-json\/wp\/v2\/pages\/3","targetHints":{"allow":["GET"]}}],"collection":[{"href":"http:\/\/defilenimages.fr\/index.php\/wp-json\/wp\/v2\/pages"}],"about":[{"href":"http:\/\/defilenimages.fr\/index.php\/wp-json\/wp\/v2\/types\/page"}],"author":[{"embeddable":true,"href":"http:\/\/defilenimages.fr\/index.php\/wp-json\/wp\/v2\/users\/1"}],"replies":[{"embeddable":true,"href":"http:\/\/defilenimages.fr\/index.php\/wp-json\/wp\/v2\/comments?post=3"}],"version-history":[{"count":1,"href":"http:\/\/defilenimages.fr\/index.php\/wp-json\/wp\/v2\/pages\/3\/revisions"}],"predecessor-version":[{"id":269,"href":"http:\/\/defilenimages.fr\/index.php\/wp-json\/wp\/v2\/pages\/3\/revisions\/269"}],"wp:attachment":[{"href":"http:\/\/defilenimages.fr\/index.php\/wp-json\/wp\/v2\/media?parent=3"}],"curies":[{"name":"wp","href":"https:\/\/api.w.org\/{rel}","templated":true}]}}