{"id":55,"date":"2023-10-06T16:29:12","date_gmt":"2023-10-06T14:29:12","guid":{"rendered":"http:\/\/truhogf.cluster028.hosting.ovh.net\/?page_id=55"},"modified":"2023-12-07T15:42:37","modified_gmt":"2023-12-07T14:42:37","slug":"formule-16h","status":"publish","type":"page","link":"http:\/\/defilenimages.fr\/index.php\/formule-16h\/","title":{"rendered":"Formule Cr\u00e9ation"},"content":{"rendered":"\n<p><strong>Cette Formule convient \u00e0 toute structure souhaitant que les participants d\u00e9couvre les nombreuses \u00e9tapes de la cr\u00e9ation d\u2019un film d\u2019animation.<\/strong><\/p>\n\n\n\n<p>Les participants r\u00e9aliseront un film d\u2019animation traditionnel et\/ou en volume sous une ou plusieurs techniques d\u2019animations : le papier d\u00e9coup\u00e9, la p\u00e2te-\u00e0-modeler, la pixilation, l\u2019ombre chinoise, le stop-motion ou l\u2019animation en volume.<\/p>\n\n\n\n<p>Les participants apprendront, dans un esprit d\u2019\u00e9quipe, \u00e0 faire de l\u2019animation en faisant ex\u00e9cuter les mouvements de leur personnage \u00abimage par image\u00bb.<\/p>\n\n\n\n<hr class=\"wp-block-separator has-alpha-channel-opacity\"\/>\n\n\n\n<p><strong>En fonction du temps choisi (de 12h \u00e0 16h), plusieurs \u00e9tapes compl\u00e9mentaires peuvent \u00eatre propos\u00e9es en plus de la base de l\u2019activit\u00e9.<\/strong><\/p>\n\n\n\n<p><strong>Base du d\u00e9roulement de l\u2019activit\u00e9 :<\/strong><\/p>\n\n\n\n<ul class=\"wp-block-list\">\n<li><em>S\u00e9ance visionnage (1h00 max):<\/em> Permet de d\u00e9couvrir les diff\u00e9rentes techniques, mati\u00e8res et mat\u00e9riaux par le visionnage d\u2019extraits de films.<\/li>\n\n\n\n<li><em>Cr\u00e9ation des d\u00e9cors et des personnages :<\/em> Phase de cr\u00e9ation manuelle permettra aux \u00e9l\u00e8ves d\u2019approfondir leurs connaissances sur l\u2019art-plastiques. La technique d\u2019animation sera d\u00e9termin\u00e9e en fonction du sc\u00e9nario !<\/li>\n\n\n\n<li><em>Le tournage :<\/em> Etape technique qui demandera patience et concentration pour que les participants puissent animer au mieux leurs personnages. L\u2019apprentissage de l\u2019animation image par image sera orient\u00e9 en fonction du sc\u00e9nario.<\/li>\n\n\n\n<li><em>Projection :<\/em> Une derni\u00e8re s\u00e9ance qui sera r\u00e9serv\u00e9e au visionnage du film o\u00f9 les \u00e9l\u00e8ves pourront \u00e9changer avec les intervenants afin d\u2019approfondir leurs curiosit\u00e9s sur le sujet. Cette s\u00e9ance peut \u00eatre ouverte au public (ex : parents).<\/li>\n<\/ul>\n\n\n\n<p><strong>\u00c9tapes<\/strong> <strong>compl\u00e9mentaire du d\u00e9roulement de l\u2019activit\u00e9<\/strong> (<strong>Attention<\/strong> <strong>:<\/strong> ces \u00e9tapes <strong>ne sont pas factur\u00e9s en plus<\/strong> de la base de l\u2019activit\u00e9, elles sont pr\u00e9sentent pour une activit\u00e9 plus orient\u00e9 selon le choix de la structure) <strong>:<\/strong><\/p>\n\n\n\n<ul class=\"wp-block-list\">\n<li><em>Ecriture du sc\u00e9nario et du story-board :<\/em> Etape tr\u00e8s importante dans la r\u00e9flexion de la construction d\u2019un r\u00e9cit, elle permet aux \u00e9l\u00e8ves de se pr\u00e9parer et de visualiser au mieux le r\u00e9sultat final. Si la structure d\u2019accueil souhaite inscrire le film dans une th\u00e9matique pr\u00e9cise, il est tout \u00e0 fait possible de travailler le sc\u00e9nario en amont avec les intervenants (par mail, par rendez-vous, par t\u00e9l\u00e9phone). Attention ! Le sc\u00e9nario d\u00e9terminera la technique d\u2019animation du film, qui sera \u00e0 r\u00e9fl\u00e9chir directement avec les intervenantes lors de la cr\u00e9ation de celui-ci.<\/li>\n\n\n\n<li><em>L\u2019enregistrement sonore :<\/em> Est r\u00e9alis\u00e9 de mani\u00e8re ludique en laissant cours \u00e0 l\u2019imagination des participants pour la cr\u00e9ation de dialogues et bruitages en tout genre !<\/li>\n\n\n\n<li><em>L\u2019initiation au montage :<\/em> Permet de comprendre rapidement la transition entre les images sur l\u2019appareil photo et un film sur l\u2019ordinateur. Attention ! Etape ne pouvant \u00eatre r\u00e9alis\u00e9e que si la structure d\u2019accueil poss\u00e8de une salle ordinateur suffisamment compl\u00e8te pour le nombre de participants (\u00e0 organiser directement avec les intervenantes).<\/li>\n<\/ul>\n\n\n\n<hr class=\"wp-block-separator has-alpha-channel-opacity\"\/>\n\n\n\n<p>Cette activit\u00e9 cl\u00e9-en-main permet \u00e9galement une souplesse horaire qui peut \u00eatre n\u00e9cessaire dans votre emploi du temps.<\/p>\n\n\n\n<p><strong>Retrouvez des cr\u00e9ations d\u00e9j\u00e0 r\u00e9alis\u00e9es sur notre page <a href=\"https:\/\/www.youtube.com\/watch?v=PxWk7-6nStk&amp;t=274s\">YouTube<\/a> !<\/strong><\/p>\n\n\n\n<hr class=\"wp-block-separator has-alpha-channel-opacity\"\/>\n\n\n\n<p>Ce projet peut \u00eatre inscrit dans le dispositif \u00ab\u00a0<a href=\"https:\/\/www.cnc.fr\/cinema\/education-a-l-image\/maternelle-au-cinema\" target=\"_blank\" rel=\"noreferrer noopener\">Maternelle au Cin\u00e9ma<\/a>\u00a0\u00bb,  \u00ab<a href=\"https:\/\/www.cnc.fr\/cinema\/education-a-l-image\/ecole-et-cinema\" target=\"_blank\" rel=\"noreferrer noopener\">\u00a0Ecole et Cin\u00e9ma<\/a>\u00a0\u00bb, \u00ab\u00a0<a href=\"https:\/\/www.cnc.fr\/cinema\/education-a-l-image\/college-au-cinema\" target=\"_blank\" rel=\"noreferrer noopener\">Coll\u00e8ge au Cin\u00e9ma<\/a>\u00a0\u00bb et \u00ab\u00a0<a href=\"https:\/\/www.cnc.fr\/cinema\/education-a-l-image\/lyceens-et-apprentis-au-cinema\" target=\"_blank\" rel=\"noreferrer noopener\">Lyc\u00e9ens et apprentis au cin\u00e9ma<\/a>\u00a0\u00bb.\u00a0<\/p>\n\n\n\n<p>Dispositif national d\u2019\u00e9ducation artistique au cin\u00e9ma soutenu \u00e0 la fois par le CNC (Centre National du cin\u00e9ma et de l\u2019image anim\u00e9e), mis en place par nos partenaires.<\/p>\n","protected":false},"excerpt":{"rendered":"<p>Cette Formule convient \u00e0 toute structure souhaitant que les participants d\u00e9couvre les nombreuses \u00e9tapes de la cr\u00e9ation d\u2019un film d\u2019animation. Les participants r\u00e9aliseront un film d\u2019animation traditionnel et\/ou en volume sous une ou plusieurs techniques<span class=\"more-button\"><a href=\"http:\/\/defilenimages.fr\/index.php\/formule-16h\/\" class=\"more-link\">Lire la suite<span class=\"screen-reader-text\">Formule Cr\u00e9ation<\/span><i class=\"fa fa-angle-right\" aria-hidden=\"true\"><\/i><\/a><\/span><\/p>\n","protected":false},"author":1,"featured_media":0,"parent":0,"menu_order":0,"comment_status":"closed","ping_status":"closed","template":"","meta":{"footnotes":""},"class_list":["post-55","page","type-page","status-publish","hentry"],"_links":{"self":[{"href":"http:\/\/defilenimages.fr\/index.php\/wp-json\/wp\/v2\/pages\/55","targetHints":{"allow":["GET"]}}],"collection":[{"href":"http:\/\/defilenimages.fr\/index.php\/wp-json\/wp\/v2\/pages"}],"about":[{"href":"http:\/\/defilenimages.fr\/index.php\/wp-json\/wp\/v2\/types\/page"}],"author":[{"embeddable":true,"href":"http:\/\/defilenimages.fr\/index.php\/wp-json\/wp\/v2\/users\/1"}],"replies":[{"embeddable":true,"href":"http:\/\/defilenimages.fr\/index.php\/wp-json\/wp\/v2\/comments?post=55"}],"version-history":[{"count":4,"href":"http:\/\/defilenimages.fr\/index.php\/wp-json\/wp\/v2\/pages\/55\/revisions"}],"predecessor-version":[{"id":266,"href":"http:\/\/defilenimages.fr\/index.php\/wp-json\/wp\/v2\/pages\/55\/revisions\/266"}],"wp:attachment":[{"href":"http:\/\/defilenimages.fr\/index.php\/wp-json\/wp\/v2\/media?parent=55"}],"curies":[{"name":"wp","href":"https:\/\/api.w.org\/{rel}","templated":true}]}}