{"id":57,"date":"2023-10-06T17:16:10","date_gmt":"2023-10-06T15:16:10","guid":{"rendered":"http:\/\/truhogf.cluster028.hosting.ovh.net\/?page_id=57"},"modified":"2023-12-07T15:29:11","modified_gmt":"2023-12-07T14:29:11","slug":"formule-2h","status":"publish","type":"page","link":"http:\/\/defilenimages.fr\/index.php\/formule-2h\/","title":{"rendered":"Formule Initiation"},"content":{"rendered":"\n<p><strong>Nous proposons 3 ateliers sous la Formule 2h :&nbsp;<\/strong><\/p>\n\n\n\n<p><strong>Ils permettent aux participants de d\u00e9couvrir les proc\u00e9d\u00e9s inh\u00e9rent \u00e0 la cr\u00e9ation du cin\u00e9ma et cin\u00e9ma d\u2019Animation : le<\/strong> <em><u><strong>pr\u00e9-cin\u00e9ma<\/strong><\/u><\/em><\/p>\n\n\n\n<hr class=\"wp-block-separator has-alpha-channel-opacity\"\/>\n\n\n\n<ul class=\"wp-block-list\">\n<li><strong>Atelier Folioscope<\/strong> <\/li>\n<\/ul>\n\n\n\n<p>Le Flip book ou <a href=\"https:\/\/fr.wikipedia.org\/wiki\/Folioscope\" target=\"_blank\" rel=\"noreferrer noopener\">Folioscope<\/a>, est un petit livret de plusieurs dessins dont le feuilletage rapide permet de les voir s\u2019animer !<br>Le dessin repr\u00e9sente un mouvement d\u00e9compos\u00e9.<\/p>\n\n\n\n<p>Chaque participant peut repartir avec leurs cr\u00e9ations !<\/p>\n\n\n\n<p>Cr\u00e9ation d\u2019un Flip book de 24 pages + une couverture.<\/p>\n\n\n\n<hr class=\"wp-block-separator has-alpha-channel-opacity\"\/>\n\n\n\n<ul class=\"wp-block-list\">\n<li><strong>Atelier jouets optiques<\/strong><\/li>\n<\/ul>\n\n\n\n<p>Les <a href=\"https:\/\/fr.wikipedia.org\/wiki\/Jouet_optique\" target=\"_blank\" rel=\"noreferrer noopener\">jouets optiques<\/a> sont des objets qui fonctionnent sur le ph\u00e9nom\u00e8ne de <em><u>persistance r\u00e9tinienne<\/u><\/em>. Ces objets font partie int\u00e9grante de l\u2019histoire du pr\u00e9-cin\u00e9ma, l\u2019anc\u00eatre du cin\u00e9ma actuel.<br>Les participants r\u00e9aliseront un ou deux de ces jouets optiques :<\/p>\n\n\n\n<ol class=\"wp-block-list\">\n<li>Le <a href=\"https:\/\/fr.wikipedia.org\/wiki\/Thaumatrope\" target=\"_blank\" rel=\"noreferrer noopener\">thaumatrope<\/a> est le plus ancien des jouets optiques car l\u2019on retrouve des traces primitives de ces objets datant de la pr\u00e9histoire !<br>Il permet, en tournant rapidement un disque, de r\u00e9unir les 2 sujets dessin\u00e9s sur chacune des faces, pour n\u2019en former qu\u2019une seule.<\/li>\n\n\n\n<li>Le <a href=\"https:\/\/fr.wikipedia.org\/wiki\/Ph%C3%A9nakistiscope\" target=\"_blank\" rel=\"noreferrer noopener\">ph\u00e9nakistiscope<\/a> est un disque, perc\u00e9 d\u2019une dizaine de fente, sur lequel est rapport\u00e9 un mouvement d\u00e9composant une s\u00e9quence d\u2019images fixes. Le disque est mont\u00e9 sur un manche qui sert de maintien pendant la rotation. Il suffit de regarder \u00e0 travers les fentes en face d\u2019un miroir et de lancer la rotation du disque. L\u2019\u0153il ne voit donc une seule image qui semble \u00eatre en mouvement\u00a0!<\/li>\n\n\n\n<li>Le <a href=\"https:\/\/fr.wikipedia.org\/wiki\/Zootrope\" target=\"_blank\" rel=\"noreferrer noopener\">zootrope<\/a> poss\u00e8de le m\u00eame fonctionnement que le ph\u00e9nakistiscope \u00e0 la diff\u00e9rence que celui-ci ne n\u00e9cessite pas de miroir pour percevoir le mouvement puisque les images sont redress\u00e9es pour former un cercle. Ainsi, lorsque l\u2019on regarde \u00e0 travers les fentes et que l\u2019on lance la rotation, les images situ\u00e9es en face de l\u2019\u0153il, se mettent en mouvement !<\/li>\n<\/ol>\n\n\n\n<p>\u00c0 la fin de l\u2019atelier, les participants peuvent repartir avec leurs cr\u00e9ations !<\/p>\n\n\n\n<hr class=\"wp-block-separator has-alpha-channel-opacity\"\/>\n\n\n\n<ul class=\"wp-block-list\">\n<li><strong>Atelier d\u2019initiation au cin\u00e9ma d\u2019animation<\/strong><\/li>\n<\/ul>\n\n\n\n<p>Cet atelier offre aux participants la possibilit\u00e9 d\u2019exp\u00e9rimenter une ou plusieures techniques d\u2019animation en volume\u00a0:<\/p>\n\n\n\n<p>\u2013 <a href=\"https:\/\/www.youtube.com\/watch?v=H7T4ls6vbDo&amp;list=PLfUD8k2WlOddZ607zCj4QLNv_xZXe1fDu&amp;index=33\" target=\"_blank\" rel=\"noreferrer noopener\">La p\u00e2te-\u00e0-modeler<\/a><\/p>\n\n\n\n<p>\u2013 <a href=\"https:\/\/www.youtube.com\/watch?v=PxWk7-6nStk&amp;list=PLfUD8k2WlOddZ607zCj4QLNv_xZXe1fDu&amp;index=5&amp;t=272s\" target=\"_blank\" rel=\"noreferrer noopener\">Le papier d\u00e9coup\u00e9<\/a><\/p>\n\n\n\n<p>\u2013 <a href=\"https:\/\/www.youtube.com\/watch?v=5tUx5nM_Bss&amp;list=PLfUD8k2WlOddZ607zCj4QLNv_xZXe1fDu&amp;index=17\">L\u2019ombre chinoise<\/a><\/p>\n\n\n\n<p>\u2013 <a href=\"https:\/\/www.youtube.com\/watch?v=eh7oESjxtnQ&amp;t=3s\" target=\"_blank\" rel=\"noreferrer noopener\">Le stop-motion ou animation en volume<\/a><\/p>\n\n\n\n<p>\u2013 <a href=\"https:\/\/www.youtube.com\/watch?v=1dOU7hkjnFQ&amp;t=52s\" target=\"_blank\" rel=\"noreferrer noopener\">La peinture anim\u00e9e<\/a><\/p>\n\n\n\n<ul class=\"wp-block-list\">\n<li>En 2 heures ils pourront pratiquer ces diff\u00e9rentes techniques en r\u00e9alisant des mini-animations, sur le principe de sketchs.<\/li>\n\n\n\n<li>3 jours minimum de montage est n\u00e9cessaire pour finalis\u00e9 les animations, les vid\u00e9os seront envoy\u00e9s via la plateforme \u00ab&nbsp;GrosFichiers.com&nbsp;\u00bb.<\/li>\n<\/ul>\n","protected":false},"excerpt":{"rendered":"<p>Nous proposons 3 ateliers sous la Formule 2h :&nbsp; Ils permettent aux participants de d\u00e9couvrir les proc\u00e9d\u00e9s inh\u00e9rent \u00e0 la cr\u00e9ation du cin\u00e9ma et cin\u00e9ma d\u2019Animation : le pr\u00e9-cin\u00e9ma Le Flip book ou Folioscope, est<span class=\"more-button\"><a href=\"http:\/\/defilenimages.fr\/index.php\/formule-2h\/\" class=\"more-link\">Lire la suite<span class=\"screen-reader-text\">Formule Initiation<\/span><i class=\"fa fa-angle-right\" aria-hidden=\"true\"><\/i><\/a><\/span><\/p>\n","protected":false},"author":1,"featured_media":0,"parent":0,"menu_order":0,"comment_status":"closed","ping_status":"closed","template":"","meta":{"footnotes":""},"class_list":["post-57","page","type-page","status-publish","hentry"],"_links":{"self":[{"href":"http:\/\/defilenimages.fr\/index.php\/wp-json\/wp\/v2\/pages\/57","targetHints":{"allow":["GET"]}}],"collection":[{"href":"http:\/\/defilenimages.fr\/index.php\/wp-json\/wp\/v2\/pages"}],"about":[{"href":"http:\/\/defilenimages.fr\/index.php\/wp-json\/wp\/v2\/types\/page"}],"author":[{"embeddable":true,"href":"http:\/\/defilenimages.fr\/index.php\/wp-json\/wp\/v2\/users\/1"}],"replies":[{"embeddable":true,"href":"http:\/\/defilenimages.fr\/index.php\/wp-json\/wp\/v2\/comments?post=57"}],"version-history":[{"count":6,"href":"http:\/\/defilenimages.fr\/index.php\/wp-json\/wp\/v2\/pages\/57\/revisions"}],"predecessor-version":[{"id":261,"href":"http:\/\/defilenimages.fr\/index.php\/wp-json\/wp\/v2\/pages\/57\/revisions\/261"}],"wp:attachment":[{"href":"http:\/\/defilenimages.fr\/index.php\/wp-json\/wp\/v2\/media?parent=57"}],"curies":[{"name":"wp","href":"https:\/\/api.w.org\/{rel}","templated":true}]}}