{"id":59,"date":"2023-10-06T17:12:07","date_gmt":"2023-10-06T15:12:07","guid":{"rendered":"http:\/\/truhogf.cluster028.hosting.ovh.net\/?page_id=59"},"modified":"2023-12-07T15:38:46","modified_gmt":"2023-12-07T14:38:46","slug":"formule-valise-animee","status":"publish","type":"page","link":"http:\/\/defilenimages.fr\/index.php\/formule-valise-animee\/","title":{"rendered":"Formule Valise Anim\u00e9e"},"content":{"rendered":"\n<p><strong>La Valise Anim\u00e9e est un atelier qui permet la cr\u00e9ation d\u2019un film d\u2019animation \u00ab en kit \u00bb.<\/strong><\/p>\n\n\n\n<p>Cette activit\u00e9 permet de se concentrer sur la technique pure de l\u2019animation et de la prise photo afin de r\u00e9aliser rapidement et simplement un film d\u2019animation !<\/p>\n\n\n<div class=\"wp-block-image\">\n<figure class=\"aligncenter size-mesmerize-full-hd is-resized\"><img loading=\"lazy\" decoding=\"async\" width=\"1366\" height=\"1080\" src=\"http:\/\/truhogf.cluster028.hosting.ovh.net\/wp-content\/uploads\/2023\/10\/Valise-04-1366x1080.png\" alt=\"\" class=\"wp-image-134\" style=\"width:842px;height:665px\" srcset=\"http:\/\/defilenimages.fr\/wp-content\/uploads\/2023\/10\/Valise-04-1366x1080.png 1366w, http:\/\/defilenimages.fr\/wp-content\/uploads\/2023\/10\/Valise-04-300x237.png 300w, http:\/\/defilenimages.fr\/wp-content\/uploads\/2023\/10\/Valise-04-1024x810.png 1024w, http:\/\/defilenimages.fr\/wp-content\/uploads\/2023\/10\/Valise-04-768x607.png 768w, http:\/\/defilenimages.fr\/wp-content\/uploads\/2023\/10\/Valise-04-1536x1214.png 1536w, http:\/\/defilenimages.fr\/wp-content\/uploads\/2023\/10\/Valise-04-2048x1619.png 2048w\" sizes=\"auto, (max-width: 1366px) 100vw, 1366px\" \/><\/figure>\n<\/div>\n\n\n<p><\/p>\n\n\n\n<p><strong>Chaque Valise peut d\u00e9ployer 2 plateaux de tournage (recto verso) pouvant<\/strong> <strong>accueillir<\/strong> <strong>chacun 4 participants.<\/strong><\/p>\n\n\n\n<p><strong>1 plateau de tournage comprend&nbsp; :&nbsp;<\/strong><\/p>\n\n\n\n<p>\u2013 1 D\u00e9cors (au choix du groupe)<\/p>\n\n\n\n<p>\u2013 1 Appareil photo (fix\u00e9 directement sur la Valise)<\/p>\n\n\n\n<p>\u2013 2 Lampes de chaque c\u00f4t\u00e9 du plateau<\/p>\n\n\n\n<hr class=\"wp-block-separator has-alpha-channel-opacity\"\/>\n\n\n\n<p><strong>L&rsquo;association poss\u00e8de 4 Valises, soit 8 plateaux de tournage pour un maximum de 32 participants.<\/strong><\/p>\n\n\n\n<p>Les participants ou \u00e9l\u00e8ves auront le choix parmi 16 d\u00e9cors, plus de 100 personnages, et 150 accessoires ! Ils pourront alors animer \u00ab image par image \u00bb leurs sc\u00e9narios, imagin\u00e9s sur le vif lors de l\u2019activit\u00e9.<\/p>\n\n\n\n<figure class=\"wp-block-image size-mesmerize-full-hd\"><img loading=\"lazy\" decoding=\"async\" width=\"1920\" height=\"903\" src=\"http:\/\/truhogf.cluster028.hosting.ovh.net\/wp-content\/uploads\/2023\/10\/Decors_Polaire-1920x903.png\" alt=\"\" class=\"wp-image-136\" srcset=\"http:\/\/defilenimages.fr\/wp-content\/uploads\/2023\/10\/Decors_Polaire-1920x903.png 1920w, http:\/\/defilenimages.fr\/wp-content\/uploads\/2023\/10\/Decors_Polaire-300x141.png 300w, http:\/\/defilenimages.fr\/wp-content\/uploads\/2023\/10\/Decors_Polaire-1024x482.png 1024w, http:\/\/defilenimages.fr\/wp-content\/uploads\/2023\/10\/Decors_Polaire-768x361.png 768w, http:\/\/defilenimages.fr\/wp-content\/uploads\/2023\/10\/Decors_Polaire-1536x722.png 1536w, http:\/\/defilenimages.fr\/wp-content\/uploads\/2023\/10\/Decors_Polaire-2048x963.png 2048w\" sizes=\"auto, (max-width: 1920px) 100vw, 1920px\" \/><\/figure>\n\n\n\n<figure class=\"wp-block-image size-mesmerize-full-hd\"><img loading=\"lazy\" decoding=\"async\" width=\"1920\" height=\"880\" src=\"http:\/\/truhogf.cluster028.hosting.ovh.net\/wp-content\/uploads\/2023\/10\/Decors_Foret-1920x880.png\" alt=\"\" class=\"wp-image-137\" srcset=\"http:\/\/defilenimages.fr\/wp-content\/uploads\/2023\/10\/Decors_Foret-1920x880.png 1920w, http:\/\/defilenimages.fr\/wp-content\/uploads\/2023\/10\/Decors_Foret-300x137.png 300w, http:\/\/defilenimages.fr\/wp-content\/uploads\/2023\/10\/Decors_Foret-1024x469.png 1024w, http:\/\/defilenimages.fr\/wp-content\/uploads\/2023\/10\/Decors_Foret-768x352.png 768w, http:\/\/defilenimages.fr\/wp-content\/uploads\/2023\/10\/Decors_Foret-1536x704.png 1536w, http:\/\/defilenimages.fr\/wp-content\/uploads\/2023\/10\/Decors_Foret-2048x938.png 2048w\" sizes=\"auto, (max-width: 1920px) 100vw, 1920px\" \/><\/figure>\n\n\n\n<figure class=\"wp-block-image size-mesmerize-full-hd\"><img loading=\"lazy\" decoding=\"async\" width=\"1920\" height=\"876\" src=\"http:\/\/truhogf.cluster028.hosting.ovh.net\/wp-content\/uploads\/2023\/10\/Decors_Montagne-1920x876.png\" alt=\"\" class=\"wp-image-138\" srcset=\"http:\/\/defilenimages.fr\/wp-content\/uploads\/2023\/10\/Decors_Montagne-1920x876.png 1920w, http:\/\/defilenimages.fr\/wp-content\/uploads\/2023\/10\/Decors_Montagne-300x137.png 300w, http:\/\/defilenimages.fr\/wp-content\/uploads\/2023\/10\/Decors_Montagne-1024x467.png 1024w, http:\/\/defilenimages.fr\/wp-content\/uploads\/2023\/10\/Decors_Montagne-768x350.png 768w, http:\/\/defilenimages.fr\/wp-content\/uploads\/2023\/10\/Decors_Montagne-1536x701.png 1536w, http:\/\/defilenimages.fr\/wp-content\/uploads\/2023\/10\/Decors_Montagne-2048x935.png 2048w\" sizes=\"auto, (max-width: 1920px) 100vw, 1920px\" \/><\/figure>\n\n\n\n<figure class=\"wp-block-gallery has-nested-images columns-default is-cropped wp-block-gallery-1 is-layout-flex wp-block-gallery-is-layout-flex\">\n<figure class=\"wp-block-image size-mesmerize-full-hd\"><img loading=\"lazy\" decoding=\"async\" width=\"1440\" height=\"1080\" data-id=\"140\" src=\"http:\/\/truhogf.cluster028.hosting.ovh.net\/wp-content\/uploads\/2023\/10\/DSCN4977-1-1440x1080.jpg\" alt=\"\" class=\"wp-image-140\" srcset=\"http:\/\/defilenimages.fr\/wp-content\/uploads\/2023\/10\/DSCN4977-1-1440x1080.jpg 1440w, http:\/\/defilenimages.fr\/wp-content\/uploads\/2023\/10\/DSCN4977-1-300x225.jpg 300w, http:\/\/defilenimages.fr\/wp-content\/uploads\/2023\/10\/DSCN4977-1-1024x768.jpg 1024w, http:\/\/defilenimages.fr\/wp-content\/uploads\/2023\/10\/DSCN4977-1-768x576.jpg 768w, http:\/\/defilenimages.fr\/wp-content\/uploads\/2023\/10\/DSCN4977-1-1536x1152.jpg 1536w, http:\/\/defilenimages.fr\/wp-content\/uploads\/2023\/10\/DSCN4977-1-2048x1536.jpg 2048w\" sizes=\"auto, (max-width: 1440px) 100vw, 1440px\" \/><\/figure>\n\n\n\n<figure class=\"wp-block-image size-mesmerize-full-hd\"><img loading=\"lazy\" decoding=\"async\" width=\"1440\" height=\"1080\" data-id=\"141\" src=\"http:\/\/truhogf.cluster028.hosting.ovh.net\/wp-content\/uploads\/2023\/10\/DSCN5000-1440x1080.jpg\" alt=\"\" class=\"wp-image-141\" srcset=\"http:\/\/defilenimages.fr\/wp-content\/uploads\/2023\/10\/DSCN5000-1440x1080.jpg 1440w, http:\/\/defilenimages.fr\/wp-content\/uploads\/2023\/10\/DSCN5000-300x225.jpg 300w, http:\/\/defilenimages.fr\/wp-content\/uploads\/2023\/10\/DSCN5000-1024x768.jpg 1024w, http:\/\/defilenimages.fr\/wp-content\/uploads\/2023\/10\/DSCN5000-768x576.jpg 768w, http:\/\/defilenimages.fr\/wp-content\/uploads\/2023\/10\/DSCN5000-1536x1152.jpg 1536w, http:\/\/defilenimages.fr\/wp-content\/uploads\/2023\/10\/DSCN5000-2048x1536.jpg 2048w\" sizes=\"auto, (max-width: 1440px) 100vw, 1440px\" \/><\/figure>\n\n\n\n<figure class=\"wp-block-image size-mesmerize-full-hd\"><img loading=\"lazy\" decoding=\"async\" width=\"1440\" height=\"1080\" data-id=\"142\" src=\"http:\/\/truhogf.cluster028.hosting.ovh.net\/wp-content\/uploads\/2023\/10\/DSCN5003-1440x1080.jpg\" alt=\"\" class=\"wp-image-142\" srcset=\"http:\/\/defilenimages.fr\/wp-content\/uploads\/2023\/10\/DSCN5003-1440x1080.jpg 1440w, http:\/\/defilenimages.fr\/wp-content\/uploads\/2023\/10\/DSCN5003-300x225.jpg 300w, http:\/\/defilenimages.fr\/wp-content\/uploads\/2023\/10\/DSCN5003-1024x768.jpg 1024w, http:\/\/defilenimages.fr\/wp-content\/uploads\/2023\/10\/DSCN5003-768x576.jpg 768w, http:\/\/defilenimages.fr\/wp-content\/uploads\/2023\/10\/DSCN5003-1536x1152.jpg 1536w, http:\/\/defilenimages.fr\/wp-content\/uploads\/2023\/10\/DSCN5003-2048x1536.jpg 2048w\" sizes=\"auto, (max-width: 1440px) 100vw, 1440px\" \/><\/figure>\n\n\n\n<figure class=\"wp-block-image size-mesmerize-full-hd\"><img loading=\"lazy\" decoding=\"async\" width=\"1440\" height=\"1080\" data-id=\"143\" src=\"http:\/\/truhogf.cluster028.hosting.ovh.net\/wp-content\/uploads\/2023\/10\/DSCN5024-1440x1080.jpg\" alt=\"\" class=\"wp-image-143\" srcset=\"http:\/\/defilenimages.fr\/wp-content\/uploads\/2023\/10\/DSCN5024-1440x1080.jpg 1440w, http:\/\/defilenimages.fr\/wp-content\/uploads\/2023\/10\/DSCN5024-300x225.jpg 300w, http:\/\/defilenimages.fr\/wp-content\/uploads\/2023\/10\/DSCN5024-1024x768.jpg 1024w, http:\/\/defilenimages.fr\/wp-content\/uploads\/2023\/10\/DSCN5024-768x576.jpg 768w, http:\/\/defilenimages.fr\/wp-content\/uploads\/2023\/10\/DSCN5024-1536x1152.jpg 1536w, http:\/\/defilenimages.fr\/wp-content\/uploads\/2023\/10\/DSCN5024-2048x1536.jpg 2048w\" sizes=\"auto, (max-width: 1440px) 100vw, 1440px\" \/><\/figure>\n<\/figure>\n\n\n\n<hr class=\"wp-block-separator has-alpha-channel-opacity\"\/>\n\n\n\n<p><strong>D\u00e9roulement de l\u2019atelier  :<\/strong><\/p>\n\n\n\n<ul class=\"wp-block-list\">\n<li>Pr\u00e9sentation du cin\u00e9ma d&rsquo;animation et explication du principe de l&rsquo;image par image (30min maximum)<\/li>\n\n\n\n<li>Tournage (1h15)<\/li>\n\n\n\n<li>Visionnage en direct des petits court-m\u00e9trages r\u00e9alis\u00e9s (15min)<\/li>\n<\/ul>\n\n\n\n<hr class=\"wp-block-separator has-alpha-channel-opacity\"\/>\n\n\n\n<p>Cette activit\u00e9 cl\u00e9-en-main vous offrira un rendu de qualit\u00e9, avec la souplesse horaire qui peut \u00eatre n\u00e9cessaire dans votre emploi du temps.<\/p>\n\n\n\n<p>N\u2019h\u00e9sitez pas \u00e0 nous demander le projet p\u00e9dagogique et les tarifs de cette activit\u00e9 !<\/p>\n\n\n\n<p><strong>Retrouvez des cr\u00e9ations d\u00e9j\u00e0 r\u00e9alis\u00e9es sur notre page <a href=\"https:\/\/www.youtube.com\/watch?v=BD3BgFioJuU\" target=\"_blank\" rel=\"noreferrer noopener\">YouTube<\/a>!<\/strong><\/p>\n\n\n\n<hr class=\"wp-block-separator has-alpha-channel-opacity\"\/>\n\n\n\n<p>N\u2019h\u00e9sitez pas \u00e0 nous demander le projet p\u00e9dagogique et les tarifs de cette activit\u00e9 ! Ce projet peut \u00eatre inscrit dans le dispositif \u00ab\u00a0<a href=\"https:\/\/www.cnc.fr\/cinema\/education-a-l-image\/ecole-et-cinema\" target=\"_blank\" rel=\"noreferrer noopener\">Ecole et Cin\u00e9ma<\/a>\u00a0\u00bb, \u00ab\u00a0<a href=\"https:\/\/www.cnc.fr\/cinema\/education-a-l-image\/college-au-cinema\" target=\"_blank\" rel=\"noreferrer noopener\">Coll\u00e8ge et Cin\u00e9ma<\/a>\u00a0\u00bb et \u00ab\u00a0<a href=\"https:\/\/www.cnc.fr\/cinema\/education-a-l-image\/lyceens-et-apprentis-au-cinema\" target=\"_blank\" rel=\"noreferrer noopener\">Lyc\u00e9ens et apprentis au cin\u00e9ma<\/a>\u00a0\u00bb.<\/p>\n\n\n\n<p>Dispositifs national d\u2019\u00e9ducation artistique au cin\u00e9ma soutenu \u00e0 la fois par le CNC (Centre National du Cin\u00e9ma et de l\u2019Image Anim\u00e9e), mis en place par nos partenaires.<\/p>\n","protected":false},"excerpt":{"rendered":"<p>La Valise Anim\u00e9e est un atelier qui permet la cr\u00e9ation d\u2019un film d\u2019animation \u00ab en kit \u00bb. Cette activit\u00e9 permet de se concentrer sur la technique pure de l\u2019animation et de la prise photo afin<span class=\"more-button\"><a href=\"http:\/\/defilenimages.fr\/index.php\/formule-valise-animee\/\" class=\"more-link\">Lire la suite<span class=\"screen-reader-text\">Formule Valise Anim\u00e9e<\/span><i class=\"fa fa-angle-right\" aria-hidden=\"true\"><\/i><\/a><\/span><\/p>\n","protected":false},"author":1,"featured_media":134,"parent":0,"menu_order":0,"comment_status":"closed","ping_status":"closed","template":"","meta":{"footnotes":""},"class_list":["post-59","page","type-page","status-publish","has-post-thumbnail","hentry"],"_links":{"self":[{"href":"http:\/\/defilenimages.fr\/index.php\/wp-json\/wp\/v2\/pages\/59","targetHints":{"allow":["GET"]}}],"collection":[{"href":"http:\/\/defilenimages.fr\/index.php\/wp-json\/wp\/v2\/pages"}],"about":[{"href":"http:\/\/defilenimages.fr\/index.php\/wp-json\/wp\/v2\/types\/page"}],"author":[{"embeddable":true,"href":"http:\/\/defilenimages.fr\/index.php\/wp-json\/wp\/v2\/users\/1"}],"replies":[{"embeddable":true,"href":"http:\/\/defilenimages.fr\/index.php\/wp-json\/wp\/v2\/comments?post=59"}],"version-history":[{"count":6,"href":"http:\/\/defilenimages.fr\/index.php\/wp-json\/wp\/v2\/pages\/59\/revisions"}],"predecessor-version":[{"id":264,"href":"http:\/\/defilenimages.fr\/index.php\/wp-json\/wp\/v2\/pages\/59\/revisions\/264"}],"wp:featuredmedia":[{"embeddable":true,"href":"http:\/\/defilenimages.fr\/index.php\/wp-json\/wp\/v2\/media\/134"}],"wp:attachment":[{"href":"http:\/\/defilenimages.fr\/index.php\/wp-json\/wp\/v2\/media?parent=59"}],"curies":[{"name":"wp","href":"https:\/\/api.w.org\/{rel}","templated":true}]}}