{"id":63,"date":"2023-10-06T16:26:23","date_gmt":"2023-10-06T14:26:23","guid":{"rendered":"http:\/\/truhogf.cluster028.hosting.ovh.net\/?page_id=63"},"modified":"2023-12-07T15:12:45","modified_gmt":"2023-12-07T14:12:45","slug":"pedagogie","status":"publish","type":"page","link":"http:\/\/defilenimages.fr\/index.php\/pedagogie\/","title":{"rendered":"Informations pratiques"},"content":{"rendered":"\n<p><strong>Modalit\u00e9s de fonctionnements des Ateliers :<\/strong><\/p>\n\n\n\n<p>Lors de nos interventions dans le cadre scolaire ou extrascolaires, les ateliers peuvent s\u2019accorder aux th\u00e9matiques en lien avec le projet de la structure concern\u00e9e.<\/p>\n\n\n\n<p>Les formules que nous proposons sont accessibles aux <strong>cycles de la maternelle<\/strong><strong> au lyc\u00e9e<\/strong> et <strong>structures sp\u00e9cialis\u00e9es<\/strong>. Nos intervenantes <strong>adaptent le contenu<\/strong> de tout les ateliers en fonction des \u00e2ges et niveaux des participants.<\/p>\n\n\n\n<p><strong>Informations Pratiques :<\/strong><\/p>\n\n\n\n<ul class=\"wp-block-list\">\n<li>Nos intervenants sont agr\u00e9es par l\u2019\u00e9ducation nationale.<\/li>\n\n\n\n<li>Le mat\u00e9riel photographiques et d\u2019animation n\u00e9cessaire est fourni par l\u2019association.<\/li>\n\n\n\n<li>Les mat\u00e9riaux d\u2019arts-plastiques sont fournis par l\u2019association.<\/li>\n\n\n\n<li>Le montage vid\u00e9o est r\u00e9alis\u00e9 par les intervenants en dehors des temps d\u2019activit\u00e9s, ce temps est compris dans les tarifs des ateliers.<\/li>\n\n\n\n<li>Les productions r\u00e9alis\u00e9es sont partag\u00e9es directement aupr\u00e8s de la structure et des participants. L\u2019association se r\u00e9serve le droit de partager certaines productions (dans les conditions de la loi du droit \u00e0 l\u2019image) sur les r\u00e9seaux sociaux suivant : <a href=\"https:\/\/www.facebook.com\/Defilenimages?locale=fr_FR\">Facebook<\/a>, <a href=\"https:\/\/www.youtube.com\/channel\/UC8cwap7ZLC8T2ZXKJzB1M8A\">YouTube<\/a>.<\/li>\n<\/ul>\n\n\n\n<p><strong>Nous vous proposons les ateliers suivants :<\/strong><\/p>\n\n\n\n<div class=\"wp-block-buttons is-layout-flex wp-block-buttons-is-layout-flex\">\n<div class=\"wp-block-button\"><a class=\"wp-block-button__link wp-element-button\" href=\"http:\/\/defilenimages.fr\/index.php\/formule-2h\/\" target=\"_blank\" rel=\"noreferrer noopener\">Formule Initiation<\/a><\/div>\n<\/div>\n\n\n\n<div class=\"wp-block-buttons is-layout-flex wp-block-buttons-is-layout-flex\">\n<div class=\"wp-block-button\"><a class=\"wp-block-button__link wp-element-button\" href=\"http:\/\/defilenimages.fr\/index.php\/formule-valise-animee\/\" target=\"_blank\" rel=\"noreferrer noopener\">Formule Valise Anim\u00e9e<\/a><\/div>\n<\/div>\n\n\n\n<div class=\"wp-block-buttons is-layout-flex wp-block-buttons-is-layout-flex\">\n<div class=\"wp-block-button\"><a class=\"wp-block-button__link wp-element-button\" href=\"http:\/\/defilenimages.fr\/index.php\/formule-16h\/\" target=\"_blank\" rel=\"noreferrer noopener\">Formule Cr\u00e9ation<\/a><\/div>\n<\/div>\n\n\n\n<div class=\"wp-block-buttons is-layout-flex wp-block-buttons-is-layout-flex\">\n<div class=\"wp-block-button\"><a class=\"wp-block-button__link wp-element-button\" href=\"http:\/\/defilenimages.fr\/index.php\/cours-theoriques\/\" target=\"_blank\" rel=\"noreferrer noopener\">Formule Th\u00e9orique<\/a><\/div>\n<\/div>\n","protected":false},"excerpt":{"rendered":"<p>Modalit\u00e9s de fonctionnements des Ateliers : Lors de nos interventions dans le cadre scolaire ou extrascolaires, les ateliers peuvent s\u2019accorder aux th\u00e9matiques en lien avec le projet de la structure concern\u00e9e. Les formules que nous<span class=\"more-button\"><a href=\"http:\/\/defilenimages.fr\/index.php\/pedagogie\/\" class=\"more-link\">Lire la suite<span class=\"screen-reader-text\">Informations pratiques<\/span><i class=\"fa fa-angle-right\" aria-hidden=\"true\"><\/i><\/a><\/span><\/p>\n","protected":false},"author":1,"featured_media":0,"parent":0,"menu_order":0,"comment_status":"closed","ping_status":"closed","template":"","meta":{"footnotes":""},"class_list":["post-63","page","type-page","status-publish","hentry"],"_links":{"self":[{"href":"http:\/\/defilenimages.fr\/index.php\/wp-json\/wp\/v2\/pages\/63","targetHints":{"allow":["GET"]}}],"collection":[{"href":"http:\/\/defilenimages.fr\/index.php\/wp-json\/wp\/v2\/pages"}],"about":[{"href":"http:\/\/defilenimages.fr\/index.php\/wp-json\/wp\/v2\/types\/page"}],"author":[{"embeddable":true,"href":"http:\/\/defilenimages.fr\/index.php\/wp-json\/wp\/v2\/users\/1"}],"replies":[{"embeddable":true,"href":"http:\/\/defilenimages.fr\/index.php\/wp-json\/wp\/v2\/comments?post=63"}],"version-history":[{"count":4,"href":"http:\/\/defilenimages.fr\/index.php\/wp-json\/wp\/v2\/pages\/63\/revisions"}],"predecessor-version":[{"id":255,"href":"http:\/\/defilenimages.fr\/index.php\/wp-json\/wp\/v2\/pages\/63\/revisions\/255"}],"wp:attachment":[{"href":"http:\/\/defilenimages.fr\/index.php\/wp-json\/wp\/v2\/media?parent=63"}],"curies":[{"name":"wp","href":"https:\/\/api.w.org\/{rel}","templated":true}]}}